{"id":768,"date":"2020-02-12T04:14:17","date_gmt":"2020-02-12T04:14:17","guid":{"rendered":"https:\/\/shineweddingsphoto.com\/?page_id=768"},"modified":"2023-03-20T09:18:14","modified_gmt":"2023-03-20T09:18:14","slug":"engagement-fotoshooting-photos","status":"publish","type":"page","link":"https:\/\/shineweddingsphoto.com\/en\/engagement-fotoshooting-photos\/","title":{"rendered":"COUPLES"},"content":{"rendered":"<div data-elementor-type=\"wp-page\" data-elementor-id=\"768\" class=\"elementor elementor-768\" data-elementor-post-type=\"page\">\n\t\t\t\t\t\t<section class=\"elementor-section elementor-top-section elementor-element elementor-element-5027906f elementor-section-content-middle elementor-section-boxed elementor-section-height-default elementor-section-height-default\" data-id=\"5027906f\" data-element_type=\"section\" data-e-type=\"section\" data-settings=\"{&quot;background_background&quot;:&quot;classic&quot;}\">\n\t\t\t\t\t\t<div class=\"elementor-container elementor-column-gap-no\">\n\t\t\t\t\t<div class=\"elementor-column elementor-col-100 elementor-top-column elementor-element elementor-element-60508584\" data-id=\"60508584\" data-element_type=\"column\" data-e-type=\"column\">\n\t\t\t<div class=\"elementor-widget-wrap elementor-element-populated\">\n\t\t\t\t\t\t<div class=\"elementor-element elementor-element-3c5afe91 elementor-widget elementor-widget-heading\" data-id=\"3c5afe91\" data-element_type=\"widget\" data-e-type=\"widget\" data-widget_type=\"heading.default\">\n\t\t\t\t<div class=\"elementor-widget-container\">\n\t\t\t\t\t<h2 class=\"elementor-heading-title elementor-size-default\">Couple shoots<\/h2>\t\t\t\t<\/div>\n\t\t\t\t<\/div>\n\t\t\t\t<div class=\"elementor-element elementor-element-3ed55b64 elementor-widget-divider--view-line elementor-widget elementor-widget-divider\" data-id=\"3ed55b64\" data-element_type=\"widget\" data-e-type=\"widget\" data-widget_type=\"divider.default\">\n\t\t\t\t<div class=\"elementor-widget-container\">\n\t\t\t\t\t\t\t<div class=\"elementor-divider\">\n\t\t\t<span class=\"elementor-divider-separator\">\n\t\t\t\t\t\t<\/span>\n\t\t<\/div>\n\t\t\t\t\t\t<\/div>\n\t\t\t\t<\/div>\n\t\t\t\t<div class=\"elementor-element elementor-element-5ada734 elementor-widget elementor-widget-heading\" data-id=\"5ada734\" data-element_type=\"widget\" data-e-type=\"widget\" data-widget_type=\"heading.default\">\n\t\t\t\t<div class=\"elementor-widget-container\">\n\t\t\t\t\t<h1 class=\"elementor-heading-title elementor-size-default\">Einige von den besten Paarshootings und zeitlosen Fotos in der Natur im Kreis Bodensee und Europa<\/h1>\t\t\t\t<\/div>\n\t\t\t\t<\/div>\n\t\t\t\t<div class=\"elementor-element elementor-element-9f64836 elementor-widget elementor-widget-heading\" data-id=\"9f64836\" data-element_type=\"widget\" data-e-type=\"widget\" data-widget_type=\"heading.default\">\n\t\t\t\t<div class=\"elementor-widget-container\">\n\t\t\t\t\t<h2 class=\"elementor-heading-title elementor-size-medium\">Das ist die richtige Seite, wenn du dich ein bisschen in meinen nat\u00fcrlichen Verlobungsshooting Stil vertiefen m\u00f6chtest. W\u00e4hrend des Fotoshootings ist nichts verbindlich. Wir spazieren, reden und wenn uns etwas gef\u00e4llt, eine Location, eine Situation, schie\u00dfe ich sofort Fotos. <\/h2>\t\t\t\t<\/div>\n\t\t\t\t<\/div>\n\t\t\t\t\t<\/div>\n\t\t<\/div>\n\t\t\t\t\t<\/div>\n\t\t<\/section>\n\t\t\t\t<section class=\"elementor-section elementor-top-section elementor-element elementor-element-660da603 elementor-section-full_width elementor-section-height-default elementor-section-height-default\" data-id=\"660da603\" data-element_type=\"section\" data-e-type=\"section\">\n\t\t\t\t\t\t<div class=\"elementor-container elementor-column-gap-default\">\n\t\t\t\t\t<div class=\"elementor-column elementor-col-50 elementor-top-column elementor-element elementor-element-3a20c90d\" data-id=\"3a20c90d\" data-element_type=\"column\" data-e-type=\"column\">\n\t\t\t<div class=\"elementor-widget-wrap elementor-element-populated\">\n\t\t\t\t\t\t<div class=\"elementor-element elementor-element-b0a7584 elementor-position-top elementor-widget elementor-widget-image-box\" data-id=\"b0a7584\" data-element_type=\"widget\" data-e-type=\"widget\" data-widget_type=\"image-box.default\">\n\t\t\t\t<div class=\"elementor-widget-container\">\n\t\t\t\t\t<div class=\"elementor-image-box-wrapper\"><figure class=\"elementor-image-box-img\"><a href=\"https:\/\/shineweddingsphoto.com\/en\/verlobungsshooting-boho-in-singen-hohentwiel\/\" tabindex=\"-1\"><img fetchpriority=\"high\" decoding=\"async\" width=\"1000\" height=\"667\" src=\"https:\/\/shineweddingsphoto.com\/wp-content\/uploads\/2022\/02\/Boho-Verlobungsshooting-in-Singen-Hohentwiel-30.jpg\" class=\"attachment-large size-large wp-image-3828\" alt=\"Nat\u00fcrliche Paarshooting in der Natur in Singen von professionellem hochzeitsfotograf\" srcset=\"https:\/\/shineweddingsphoto.com\/wp-content\/uploads\/2022\/02\/Boho-Verlobungsshooting-in-Singen-Hohentwiel-30.jpg 1000w, https:\/\/shineweddingsphoto.com\/wp-content\/uploads\/2022\/02\/Boho-Verlobungsshooting-in-Singen-Hohentwiel-30-300x200.jpg 300w, https:\/\/shineweddingsphoto.com\/wp-content\/uploads\/2022\/02\/Boho-Verlobungsshooting-in-Singen-Hohentwiel-30-768x512.jpg 768w, https:\/\/shineweddingsphoto.com\/wp-content\/uploads\/2022\/02\/Boho-Verlobungsshooting-in-Singen-Hohentwiel-30-18x12.jpg 18w\" sizes=\"(max-width: 1000px) 100vw, 1000px\" \/><\/a><\/figure><div class=\"elementor-image-box-content\"><h3 class=\"elementor-image-box-title\"><a href=\"https:\/\/shineweddingsphoto.com\/en\/verlobungsshooting-boho-in-singen-hohentwiel\/\">Bohemian engagement shooting in Singen<br>Ani + Geri<\/a><\/h3><p class=\"elementor-image-box-description\">Dieses bohemian Paar fand mich in Singen f\u00fcr ein Fotoshooting. Sie hatten eine Idee, was sie wollten. Einen Picknick in der Natur...<\/p><\/div><\/div>\t\t\t\t<\/div>\n\t\t\t\t<\/div>\n\t\t\t\t\t<\/div>\n\t\t<\/div>\n\t\t\t\t<div class=\"elementor-column elementor-col-50 elementor-top-column elementor-element elementor-element-4a5cb402\" data-id=\"4a5cb402\" data-element_type=\"column\" data-e-type=\"column\">\n\t\t\t<div class=\"elementor-widget-wrap elementor-element-populated\">\n\t\t\t\t\t\t<div class=\"elementor-element elementor-element-4b35952d elementor-position-top elementor-widget elementor-widget-image-box\" data-id=\"4b35952d\" data-element_type=\"widget\" data-e-type=\"widget\" data-widget_type=\"image-box.default\">\n\t\t\t\t<div class=\"elementor-widget-container\">\n\t\t\t\t\t<div class=\"elementor-image-box-wrapper\"><figure class=\"elementor-image-box-img\"><a href=\"https:\/\/shineweddingsphoto.com\/en\/paarshooting-an-der-kueste\/\" tabindex=\"-1\"><img decoding=\"async\" width=\"1024\" height=\"683\" src=\"https:\/\/shineweddingsphoto.com\/wp-content\/uploads\/2020\/03\/BalzsKataEngagement-46-1024x683.jpg\" class=\"attachment-large size-large wp-image-1453\" alt=\"Nat\u00fcrlich wirkende verlobungsshooting an der K\u00fcste in Holland\" srcset=\"https:\/\/shineweddingsphoto.com\/wp-content\/uploads\/2020\/03\/BalzsKataEngagement-46-1024x683.jpg 1024w, https:\/\/shineweddingsphoto.com\/wp-content\/uploads\/2020\/03\/BalzsKataEngagement-46-300x200.jpg 300w, https:\/\/shineweddingsphoto.com\/wp-content\/uploads\/2020\/03\/BalzsKataEngagement-46-768x512.jpg 768w, https:\/\/shineweddingsphoto.com\/wp-content\/uploads\/2020\/03\/BalzsKataEngagement-46.jpg 1200w\" sizes=\"(max-width: 1024px) 100vw, 1024px\" \/><\/a><\/figure><div class=\"elementor-image-box-content\"><h2 class=\"elementor-image-box-title\"><a href=\"https:\/\/shineweddingsphoto.com\/en\/paarshooting-an-der-kueste\/\">Fotoshooting in Holland an der Nordseek\u00fcste<br>Katerin + Balazs<\/a><\/h2><p class=\"elementor-image-box-description\">F\u00fcr dies Paarshooting fuhr ich weit bis zur Nordsee in Holland, aber ich freute mich sehr, dass ich mit diesem wunderbaren...<\/p><\/div><\/div>\t\t\t\t<\/div>\n\t\t\t\t<\/div>\n\t\t\t\t\t<\/div>\n\t\t<\/div>\n\t\t\t\t\t<\/div>\n\t\t<\/section>\n\t\t\t\t<section class=\"elementor-section elementor-top-section elementor-element elementor-element-bd3b8fc elementor-section-full_width elementor-section-height-default elementor-section-height-default\" data-id=\"bd3b8fc\" data-element_type=\"section\" data-e-type=\"section\">\n\t\t\t\t\t\t<div class=\"elementor-container elementor-column-gap-default\">\n\t\t\t\t\t<div class=\"elementor-column elementor-col-50 elementor-top-column elementor-element elementor-element-afc036b\" data-id=\"afc036b\" data-element_type=\"column\" data-e-type=\"column\">\n\t\t\t<div class=\"elementor-widget-wrap elementor-element-populated\">\n\t\t\t\t\t\t<div class=\"elementor-element elementor-element-812dad2 elementor-position-top elementor-widget elementor-widget-image-box\" data-id=\"812dad2\" data-element_type=\"widget\" data-e-type=\"widget\" data-widget_type=\"image-box.default\">\n\t\t\t\t<div class=\"elementor-widget-container\">\n\t\t\t\t\t<div class=\"elementor-image-box-wrapper\"><figure class=\"elementor-image-box-img\"><a href=\"https:\/\/shineweddingsphoto.com\/en\/fotoshooting-boho-paar-am-aachufer-singen-hohentwiel\/\" tabindex=\"-1\"><img decoding=\"async\" width=\"1000\" height=\"667\" src=\"https:\/\/shineweddingsphoto.com\/wp-content\/uploads\/2022\/02\/Paarshooting-beim-Fluss-in-Singen-9.jpg\" class=\"attachment-large size-large wp-image-3929\" alt=\"Boho Paar beim Verlobungsshooting am Ufer Aach von Fotograf\" srcset=\"https:\/\/shineweddingsphoto.com\/wp-content\/uploads\/2022\/02\/Paarshooting-beim-Fluss-in-Singen-9.jpg 1000w, https:\/\/shineweddingsphoto.com\/wp-content\/uploads\/2022\/02\/Paarshooting-beim-Fluss-in-Singen-9-300x200.jpg 300w, https:\/\/shineweddingsphoto.com\/wp-content\/uploads\/2022\/02\/Paarshooting-beim-Fluss-in-Singen-9-768x512.jpg 768w, https:\/\/shineweddingsphoto.com\/wp-content\/uploads\/2022\/02\/Paarshooting-beim-Fluss-in-Singen-9-18x12.jpg 18w\" sizes=\"(max-width: 1000px) 100vw, 1000px\" \/><\/a><\/figure><div class=\"elementor-image-box-content\"><h3 class=\"elementor-image-box-title\"><a href=\"https:\/\/shineweddingsphoto.com\/en\/fotoshooting-boho-paar-am-aachufer-singen-hohentwiel\/\">Boho Paarshooting Am Fluss Aach<br>Vicky + Ertmann<\/a><\/h3><p class=\"elementor-image-box-description\">Am Aachufer, ein bisschen weg von der Stadt, habe ich f\u00fcr dieses bohemian Paar diese gro\u00dfartige Location gefunden...<\/p><\/div><\/div>\t\t\t\t<\/div>\n\t\t\t\t<\/div>\n\t\t\t\t\t<\/div>\n\t\t<\/div>\n\t\t\t\t<div class=\"elementor-column elementor-col-50 elementor-top-column elementor-element elementor-element-e5a1068\" data-id=\"e5a1068\" data-element_type=\"column\" data-e-type=\"column\">\n\t\t\t<div class=\"elementor-widget-wrap elementor-element-populated\">\n\t\t\t\t\t\t<div class=\"elementor-element elementor-element-62ed5dc elementor-position-top elementor-widget elementor-widget-image-box\" data-id=\"62ed5dc\" data-element_type=\"widget\" data-e-type=\"widget\" data-widget_type=\"image-box.default\">\n\t\t\t\t<div class=\"elementor-widget-container\">\n\t\t\t\t\t<div class=\"elementor-image-box-wrapper\"><figure class=\"elementor-image-box-img\"><a href=\"https:\/\/shineweddingsphoto.com\/en\/bee-rob-paarshooting-konstanz-promenade\/\" tabindex=\"-1\"><img loading=\"lazy\" decoding=\"async\" width=\"1024\" height=\"683\" src=\"https:\/\/shineweddingsphoto.com\/wp-content\/uploads\/2020\/03\/RobiBeaHonlap-20-1024x683.jpg\" class=\"attachment-large size-large wp-image-1525\" alt=\"Outdoor lakeside Engagement shoot in Constance, Germany\" srcset=\"https:\/\/shineweddingsphoto.com\/wp-content\/uploads\/2020\/03\/RobiBeaHonlap-20-1024x683.jpg 1024w, https:\/\/shineweddingsphoto.com\/wp-content\/uploads\/2020\/03\/RobiBeaHonlap-20-300x200.jpg 300w, https:\/\/shineweddingsphoto.com\/wp-content\/uploads\/2020\/03\/RobiBeaHonlap-20-768x512.jpg 768w, https:\/\/shineweddingsphoto.com\/wp-content\/uploads\/2020\/03\/RobiBeaHonlap-20.jpg 1200w\" sizes=\"(max-width: 1024px) 100vw, 1024px\" \/><\/a><\/figure><div class=\"elementor-image-box-content\"><h4 class=\"elementor-image-box-title\"><a href=\"https:\/\/shineweddingsphoto.com\/en\/bee-rob-paarshooting-konstanz-promenade\/\">Paarshooting in Konstanz an der Promenade<br>Bee + Rob<\/a><\/h4><p class=\"elementor-image-box-description\">In Konstanz gibt es viele wundersch\u00f6ne und passende Locations f\u00fcr Engagement Shooting. Die Stadt ist mehr als perfekt, weil...<\/p><\/div><\/div>\t\t\t\t<\/div>\n\t\t\t\t<\/div>\n\t\t\t\t\t<\/div>\n\t\t<\/div>\n\t\t\t\t\t<\/div>\n\t\t<\/section>\n\t\t\t\t<\/div>","protected":false},"excerpt":{"rendered":"<p>PAARFOTOS Einige von den besten Paarshootings und zeitlosen Fotos in der Natur im Kreis Bodensee und Europa Das ist die richtige Seite, wenn du dich ein bisschen in meinen nat\u00fcrlichen Verlobungsshooting Stil vertiefen m\u00f6chtest. W\u00e4hrend des Fotoshootings ist nichts verbindlich. Wir spazieren, reden und wenn uns etwas gef\u00e4llt, eine Location, eine Situation, schie\u00dfe ich sofort [&hellip;]<\/p>","protected":false},"author":1,"featured_media":0,"parent":0,"menu_order":0,"comment_status":"closed","ping_status":"closed","template":"","meta":{"ocean_post_layout":"full-screen","ocean_both_sidebars_style":"","ocean_both_sidebars_content_width":0,"ocean_both_sidebars_sidebars_width":0,"ocean_sidebar":"0","ocean_second_sidebar":"0","ocean_disable_margins":"enable","ocean_add_body_class":"","ocean_shortcode_before_top_bar":"","ocean_shortcode_after_top_bar":"","ocean_shortcode_before_header":"","ocean_shortcode_after_header":"","ocean_has_shortcode":"","ocean_shortcode_after_title":"","ocean_shortcode_before_footer_widgets":"","ocean_shortcode_after_footer_widgets":"","ocean_shortcode_before_footer_bottom":"","ocean_shortcode_after_footer_bottom":"","ocean_display_top_bar":"default","ocean_display_header":"default","ocean_header_style":"","ocean_center_header_left_menu":"0","ocean_custom_header_template":"0","ocean_custom_logo":0,"ocean_custom_retina_logo":0,"ocean_custom_logo_max_width":0,"ocean_custom_logo_tablet_max_width":0,"ocean_custom_logo_mobile_max_width":0,"ocean_custom_logo_max_height":0,"ocean_custom_logo_tablet_max_height":0,"ocean_custom_logo_mobile_max_height":0,"ocean_header_custom_menu":"0","ocean_menu_typo_font_family":"0","ocean_menu_typo_font_subset":"","ocean_menu_typo_font_size":0,"ocean_menu_typo_font_size_tablet":0,"ocean_menu_typo_font_size_mobile":0,"ocean_menu_typo_font_size_unit":"px","ocean_menu_typo_font_weight":"","ocean_menu_typo_font_weight_tablet":"","ocean_menu_typo_font_weight_mobile":"","ocean_menu_typo_transform":"","ocean_menu_typo_transform_tablet":"","ocean_menu_typo_transform_mobile":"","ocean_menu_typo_line_height":0,"ocean_menu_typo_line_height_tablet":0,"ocean_menu_typo_line_height_mobile":0,"ocean_menu_typo_line_height_unit":"","ocean_menu_typo_spacing":0,"ocean_menu_typo_spacing_tablet":0,"ocean_menu_typo_spacing_mobile":0,"ocean_menu_typo_spacing_unit":"","ocean_menu_link_color":"","ocean_menu_link_color_hover":"","ocean_menu_link_color_active":"","ocean_menu_link_background":"","ocean_menu_link_hover_background":"","ocean_menu_link_active_background":"","ocean_menu_social_links_bg":"","ocean_menu_social_hover_links_bg":"","ocean_menu_social_links_color":"","ocean_menu_social_hover_links_color":"","ocean_disable_title":"on","ocean_disable_heading":"default","ocean_post_title":"","ocean_post_subheading":"","ocean_post_title_style":"","ocean_post_title_background_color":"","ocean_post_title_background":0,"ocean_post_title_bg_image_position":"","ocean_post_title_bg_image_attachment":"","ocean_post_title_bg_image_repeat":"","ocean_post_title_bg_image_size":"","ocean_post_title_height":0,"ocean_post_title_bg_overlay":0.5,"ocean_post_title_bg_overlay_color":"","ocean_disable_breadcrumbs":"off","ocean_breadcrumbs_color":"","ocean_breadcrumbs_separator_color":"","ocean_breadcrumbs_links_color":"","ocean_breadcrumbs_links_hover_color":"","ocean_display_footer_widgets":"default","ocean_display_footer_bottom":"default","ocean_custom_footer_template":"0","footnotes":""},"class_list":["post-768","page","type-page","status-publish","hentry","entry"],"yoast_head":"<!-- This site is optimized with the Yoast SEO plugin v23.7 - https:\/\/yoast.com\/wordpress\/plugins\/seo\/ -->\n<title>COUPLES - Verlobungsshooting im Freien in Nat\u00fcrliche Posen<\/title>\n<meta name=\"description\" content=\"M\u00fchelose authentisch und nat\u00fcrlich wirkende Engagement Fotos im Natur im Kreis Bodensee und Europaweit. Die beste Hochzeitsfotoshooting Services.\" \/>\n<meta name=\"robots\" content=\"index, follow, max-snippet:-1, max-image-preview:large, max-video-preview:-1\" \/>\n<link rel=\"canonical\" href=\"https:\/\/shineweddingsphoto.com\/en\/engagement-fotoshooting-photos\/\" \/>\n<meta property=\"og:locale\" content=\"en_US\" \/>\n<meta property=\"og:type\" content=\"article\" \/>\n<meta property=\"og:title\" content=\"COUPLES - Verlobungsshooting im Freien in Nat\u00fcrliche Posen\" \/>\n<meta property=\"og:description\" content=\"M\u00fchelose authentisch und nat\u00fcrlich wirkende Engagement Fotos im Natur im Kreis Bodensee und Europaweit. Die beste Hochzeitsfotoshooting Services.\" \/>\n<meta property=\"og:url\" content=\"https:\/\/shineweddingsphoto.com\/en\/engagement-fotoshooting-photos\/\" \/>\n<meta property=\"og:site_name\" content=\"Shine Weddings Photo &amp; Film\" \/>\n<meta property=\"article:modified_time\" content=\"2023-03-20T09:18:14+00:00\" \/>\n<meta property=\"og:image\" content=\"https:\/\/shineweddingsphoto.com\/wp-content\/uploads\/2022\/02\/Boho-Verlobungsshooting-in-Singen-Hohentwiel-30.jpg\" \/>\n<meta name=\"twitter:card\" content=\"summary_large_image\" \/>\n<meta name=\"twitter:label1\" content=\"Est. reading time\" \/>\n\t<meta name=\"twitter:data1\" content=\"2 minutes\" \/>\n<script type=\"application\/ld+json\" class=\"yoast-schema-graph\">{\"@context\":\"https:\/\/schema.org\",\"@graph\":[{\"@type\":\"WebPage\",\"@id\":\"https:\/\/shineweddingsphoto.com\/engagement-fotoshooting-photos\/\",\"url\":\"https:\/\/shineweddingsphoto.com\/engagement-fotoshooting-photos\/\",\"name\":\"COUPLES - Verlobungsshooting im Freien in Nat\u00fcrliche Posen\",\"isPartOf\":{\"@id\":\"https:\/\/shineweddingsphoto.com\/#website\"},\"primaryImageOfPage\":{\"@id\":\"https:\/\/shineweddingsphoto.com\/engagement-fotoshooting-photos\/#primaryimage\"},\"image\":{\"@id\":\"https:\/\/shineweddingsphoto.com\/engagement-fotoshooting-photos\/#primaryimage\"},\"thumbnailUrl\":\"https:\/\/shineweddingsphoto.com\/wp-content\/uploads\/2022\/02\/Boho-Verlobungsshooting-in-Singen-Hohentwiel-30.jpg\",\"datePublished\":\"2020-02-12T04:14:17+00:00\",\"dateModified\":\"2023-03-20T09:18:14+00:00\",\"description\":\"M\u00fchelose authentisch und nat\u00fcrlich wirkende Engagement Fotos im Natur im Kreis Bodensee und Europaweit. Die beste Hochzeitsfotoshooting Services.\",\"breadcrumb\":{\"@id\":\"https:\/\/shineweddingsphoto.com\/engagement-fotoshooting-photos\/#breadcrumb\"},\"inLanguage\":\"en-US\",\"potentialAction\":[{\"@type\":\"ReadAction\",\"target\":[\"https:\/\/shineweddingsphoto.com\/engagement-fotoshooting-photos\/\"]}]},{\"@type\":\"ImageObject\",\"inLanguage\":\"en-US\",\"@id\":\"https:\/\/shineweddingsphoto.com\/engagement-fotoshooting-photos\/#primaryimage\",\"url\":\"https:\/\/shineweddingsphoto.com\/wp-content\/uploads\/2022\/02\/Boho-Verlobungsshooting-in-Singen-Hohentwiel-30.jpg\",\"contentUrl\":\"https:\/\/shineweddingsphoto.com\/wp-content\/uploads\/2022\/02\/Boho-Verlobungsshooting-in-Singen-Hohentwiel-30.jpg\"},{\"@type\":\"BreadcrumbList\",\"@id\":\"https:\/\/shineweddingsphoto.com\/engagement-fotoshooting-photos\/#breadcrumb\",\"itemListElement\":[{\"@type\":\"ListItem\",\"position\":1,\"name\":\"Home\",\"item\":\"https:\/\/shineweddingsphoto.com\/\"},{\"@type\":\"ListItem\",\"position\":2,\"name\":\"COUPLES\"}]},{\"@type\":\"WebSite\",\"@id\":\"https:\/\/shineweddingsphoto.com\/#website\",\"url\":\"https:\/\/shineweddingsphoto.com\/\",\"name\":\"Shine Weddings Photo &amp; Film\",\"description\":\"Hochzeitsfotograf und Videograf\",\"publisher\":{\"@id\":\"https:\/\/shineweddingsphoto.com\/#organization\"},\"potentialAction\":[{\"@type\":\"SearchAction\",\"target\":{\"@type\":\"EntryPoint\",\"urlTemplate\":\"https:\/\/shineweddingsphoto.com\/?s={search_term_string}\"},\"query-input\":{\"@type\":\"PropertyValueSpecification\",\"valueRequired\":true,\"valueName\":\"search_term_string\"}}],\"inLanguage\":\"en-US\"},{\"@type\":\"Organization\",\"@id\":\"https:\/\/shineweddingsphoto.com\/#organization\",\"name\":\"Shine Weddings Photo Film\",\"url\":\"https:\/\/shineweddingsphoto.com\/\",\"logo\":{\"@type\":\"ImageObject\",\"inLanguage\":\"en-US\",\"@id\":\"https:\/\/shineweddingsphoto.com\/#\/schema\/logo\/image\/\",\"url\":\"https:\/\/shineweddingsphoto.com\/wp-content\/uploads\/2020\/05\/SW_logo_pro_fekete.jpg\",\"contentUrl\":\"https:\/\/shineweddingsphoto.com\/wp-content\/uploads\/2020\/05\/SW_logo_pro_fekete.jpg\",\"width\":2528,\"height\":579,\"caption\":\"Shine Weddings Photo Film\"},\"image\":{\"@id\":\"https:\/\/shineweddingsphoto.com\/#\/schema\/logo\/image\/\"}}]}<\/script>\n<!-- \/ Yoast SEO plugin. -->","yoast_head_json":{"title":"COUPLES - Verlobungsshooting im Freien in Nat\u00fcrliche Posen","description":"M\u00fchelose authentisch und nat\u00fcrlich wirkende Engagement Fotos im Natur im Kreis Bodensee und Europaweit. Die beste Hochzeitsfotoshooting Services.","robots":{"index":"index","follow":"follow","max-snippet":"max-snippet:-1","max-image-preview":"max-image-preview:large","max-video-preview":"max-video-preview:-1"},"canonical":"https:\/\/shineweddingsphoto.com\/en\/engagement-fotoshooting-photos\/","og_locale":"en_US","og_type":"article","og_title":"COUPLES - Verlobungsshooting im Freien in Nat\u00fcrliche Posen","og_description":"M\u00fchelose authentisch und nat\u00fcrlich wirkende Engagement Fotos im Natur im Kreis Bodensee und Europaweit. Die beste Hochzeitsfotoshooting Services.","og_url":"https:\/\/shineweddingsphoto.com\/en\/engagement-fotoshooting-photos\/","og_site_name":"Shine Weddings Photo &amp; Film","article_modified_time":"2023-03-20T09:18:14+00:00","og_image":[{"url":"https:\/\/shineweddingsphoto.com\/wp-content\/uploads\/2022\/02\/Boho-Verlobungsshooting-in-Singen-Hohentwiel-30.jpg"}],"twitter_card":"summary_large_image","twitter_misc":{"Est. reading time":"2 minutes"},"schema":{"@context":"https:\/\/schema.org","@graph":[{"@type":"WebPage","@id":"https:\/\/shineweddingsphoto.com\/engagement-fotoshooting-photos\/","url":"https:\/\/shineweddingsphoto.com\/engagement-fotoshooting-photos\/","name":"COUPLES - Verlobungsshooting im Freien in Nat\u00fcrliche Posen","isPartOf":{"@id":"https:\/\/shineweddingsphoto.com\/#website"},"primaryImageOfPage":{"@id":"https:\/\/shineweddingsphoto.com\/engagement-fotoshooting-photos\/#primaryimage"},"image":{"@id":"https:\/\/shineweddingsphoto.com\/engagement-fotoshooting-photos\/#primaryimage"},"thumbnailUrl":"https:\/\/shineweddingsphoto.com\/wp-content\/uploads\/2022\/02\/Boho-Verlobungsshooting-in-Singen-Hohentwiel-30.jpg","datePublished":"2020-02-12T04:14:17+00:00","dateModified":"2023-03-20T09:18:14+00:00","description":"M\u00fchelose authentisch und nat\u00fcrlich wirkende Engagement Fotos im Natur im Kreis Bodensee und Europaweit. Die beste Hochzeitsfotoshooting Services.","breadcrumb":{"@id":"https:\/\/shineweddingsphoto.com\/engagement-fotoshooting-photos\/#breadcrumb"},"inLanguage":"en-US","potentialAction":[{"@type":"ReadAction","target":["https:\/\/shineweddingsphoto.com\/engagement-fotoshooting-photos\/"]}]},{"@type":"ImageObject","inLanguage":"en-US","@id":"https:\/\/shineweddingsphoto.com\/engagement-fotoshooting-photos\/#primaryimage","url":"https:\/\/shineweddingsphoto.com\/wp-content\/uploads\/2022\/02\/Boho-Verlobungsshooting-in-Singen-Hohentwiel-30.jpg","contentUrl":"https:\/\/shineweddingsphoto.com\/wp-content\/uploads\/2022\/02\/Boho-Verlobungsshooting-in-Singen-Hohentwiel-30.jpg"},{"@type":"BreadcrumbList","@id":"https:\/\/shineweddingsphoto.com\/engagement-fotoshooting-photos\/#breadcrumb","itemListElement":[{"@type":"ListItem","position":1,"name":"Home","item":"https:\/\/shineweddingsphoto.com\/"},{"@type":"ListItem","position":2,"name":"COUPLES"}]},{"@type":"WebSite","@id":"https:\/\/shineweddingsphoto.com\/#website","url":"https:\/\/shineweddingsphoto.com\/","name":"Shine Weddings Photo &amp; Film","description":"Hochzeitsfotograf und Videograf","publisher":{"@id":"https:\/\/shineweddingsphoto.com\/#organization"},"potentialAction":[{"@type":"SearchAction","target":{"@type":"EntryPoint","urlTemplate":"https:\/\/shineweddingsphoto.com\/?s={search_term_string}"},"query-input":{"@type":"PropertyValueSpecification","valueRequired":true,"valueName":"search_term_string"}}],"inLanguage":"en-US"},{"@type":"Organization","@id":"https:\/\/shineweddingsphoto.com\/#organization","name":"Shine Weddings Photo Film","url":"https:\/\/shineweddingsphoto.com\/","logo":{"@type":"ImageObject","inLanguage":"en-US","@id":"https:\/\/shineweddingsphoto.com\/#\/schema\/logo\/image\/","url":"https:\/\/shineweddingsphoto.com\/wp-content\/uploads\/2020\/05\/SW_logo_pro_fekete.jpg","contentUrl":"https:\/\/shineweddingsphoto.com\/wp-content\/uploads\/2020\/05\/SW_logo_pro_fekete.jpg","width":2528,"height":579,"caption":"Shine Weddings Photo Film"},"image":{"@id":"https:\/\/shineweddingsphoto.com\/#\/schema\/logo\/image\/"}}]}},"_links":{"self":[{"href":"https:\/\/shineweddingsphoto.com\/en\/wp-json\/wp\/v2\/pages\/768"}],"collection":[{"href":"https:\/\/shineweddingsphoto.com\/en\/wp-json\/wp\/v2\/pages"}],"about":[{"href":"https:\/\/shineweddingsphoto.com\/en\/wp-json\/wp\/v2\/types\/page"}],"author":[{"embeddable":true,"href":"https:\/\/shineweddingsphoto.com\/en\/wp-json\/wp\/v2\/users\/1"}],"replies":[{"embeddable":true,"href":"https:\/\/shineweddingsphoto.com\/en\/wp-json\/wp\/v2\/comments?post=768"}],"version-history":[{"count":79,"href":"https:\/\/shineweddingsphoto.com\/en\/wp-json\/wp\/v2\/pages\/768\/revisions"}],"predecessor-version":[{"id":4403,"href":"https:\/\/shineweddingsphoto.com\/en\/wp-json\/wp\/v2\/pages\/768\/revisions\/4403"}],"wp:attachment":[{"href":"https:\/\/shineweddingsphoto.com\/en\/wp-json\/wp\/v2\/media?parent=768"}],"curies":[{"name":"wp","href":"https:\/\/api.w.org\/{rel}","templated":true}]}}